{"id":1969,"date":"2022-01-26T23:47:43","date_gmt":"2022-01-26T22:47:43","guid":{"rendered":"https:\/\/tap-clap.com\/?page_id=1969"},"modified":"2024-12-26T11:54:11","modified_gmt":"2024-12-26T10:54:11","slug":"free-trials","status":"publish","type":"page","link":"https:\/\/tap-clap.com\/fr\/free-trials\/","title":{"rendered":"S\u00e9ances d\u2019essai"},"content":{"rendered":"\t\t<div data-elementor-type=\"wp-page\" data-elementor-id=\"1969\" class=\"elementor elementor-1969\" data-elementor-post-type=\"page\">\n\t\t\t\t\t\t<section class=\"elementor-section elementor-top-section elementor-element elementor-element-3453f27a elementor-section-full_width elementor-section-height-default elementor-section-height-default\" data-id=\"3453f27a\" data-element_type=\"section\" data-e-type=\"section\" data-settings=\"{&quot;background_background&quot;:&quot;classic&quot;}\">\n\t\t\t\t\t\t\t<div class=\"elementor-background-overlay\"><\/div>\n\t\t\t\t\t\t\t<div class=\"elementor-container elementor-column-gap-default\">\n\t\t\t\t\t<div class=\"elementor-column elementor-col-50 elementor-top-column elementor-element elementor-element-e350e9c\" data-id=\"e350e9c\" data-element_type=\"column\" data-e-type=\"column\">\n\t\t\t<div class=\"elementor-widget-wrap elementor-element-populated\">\n\t\t\t\t\t\t<div class=\"elementor-element elementor-element-469c58e7 elementor-widget elementor-widget-heading\" data-id=\"469c58e7\" data-element_type=\"widget\" data-e-type=\"widget\" data-widget_type=\"heading.default\">\n\t\t\t\t<div class=\"elementor-widget-container\">\n\t\t\t\t\t<h1 class=\"elementor-heading-title elementor-size-default\">Trial Classes<\/h1>\t\t\t\t<\/div>\n\t\t\t\t<\/div>\n\t\t\t\t<div class=\"elementor-element elementor-element-574a26bf elementor-widget__width-initial elementor-absolute elementor-widget elementor-widget-image\" data-id=\"574a26bf\" data-element_type=\"widget\" data-e-type=\"widget\" data-settings=\"{&quot;_position&quot;:&quot;absolute&quot;}\" data-widget_type=\"image.default\">\n\t\t\t\t<div class=\"elementor-widget-container\">\n\t\t\t\t\t\t\t\t\t\t\t\t\t\t\t<img decoding=\"async\" width=\"158\" height=\"79\" src=\"https:\/\/tap-clap.com\/wp-content\/uploads\/2021\/10\/home-2-overly3.png\" class=\"attachment-large size-large wp-image-268\" alt=\"\" \/>\t\t\t\t\t\t\t\t\t\t\t\t\t\t\t<\/div>\n\t\t\t\t<\/div>\n\t\t\t\t\t<\/div>\n\t\t<\/div>\n\t\t\t\t<div class=\"elementor-column elementor-col-50 elementor-top-column elementor-element elementor-element-695fe3de elementor-hidden-tablet elementor-hidden-phone\" data-id=\"695fe3de\" data-element_type=\"column\" data-e-type=\"column\">\n\t\t\t<div class=\"elementor-widget-wrap elementor-element-populated\">\n\t\t\t\t\t\t<div class=\"elementor-element elementor-element-56530002 elementor-widget__width-initial elementor-absolute elementor-widget elementor-widget-image\" data-id=\"56530002\" data-element_type=\"widget\" data-e-type=\"widget\" data-settings=\"{&quot;_position&quot;:&quot;absolute&quot;}\" data-widget_type=\"image.default\">\n\t\t\t\t<div class=\"elementor-widget-container\">\n\t\t\t\t\t\t\t\t\t\t\t\t\t\t\t<img decoding=\"async\" width=\"67\" height=\"144\" src=\"https:\/\/tap-clap.com\/wp-content\/uploads\/2021\/10\/bg-shape2.png\" class=\"attachment-large size-large wp-image-269\" alt=\"\" \/>\t\t\t\t\t\t\t\t\t\t\t\t\t\t\t<\/div>\n\t\t\t\t<\/div>\n\t\t\t\t\t<\/div>\n\t\t<\/div>\n\t\t\t\t\t<\/div>\n\t\t<\/section>\n\t\t\t\t<section class=\"elementor-section elementor-top-section elementor-element elementor-element-6a13ee1 animated-slow elementor-section-boxed elementor-section-height-default elementor-section-height-default elementor-invisible\" data-id=\"6a13ee1\" data-element_type=\"section\" data-e-type=\"section\" data-settings=\"{&quot;background_background&quot;:&quot;classic&quot;,&quot;animation&quot;:&quot;zoomInDown&quot;}\">\n\t\t\t\t\t\t<div class=\"elementor-container elementor-column-gap-default\">\n\t\t\t\t\t<div class=\"elementor-column elementor-col-100 elementor-top-column elementor-element elementor-element-55da6d5f\" data-id=\"55da6d5f\" data-element_type=\"column\" data-e-type=\"column\">\n\t\t\t<div class=\"elementor-widget-wrap elementor-element-populated\">\n\t\t\t\t\t\t<section class=\"elementor-section elementor-inner-section elementor-element elementor-element-73194cb elementor-section-boxed elementor-section-height-default elementor-section-height-default\" data-id=\"73194cb\" data-element_type=\"section\" data-e-type=\"section\">\n\t\t\t\t\t\t<div class=\"elementor-container elementor-column-gap-default\">\n\t\t\t\t\t<div class=\"elementor-column elementor-col-33 elementor-inner-column elementor-element elementor-element-12ee91b\" data-id=\"12ee91b\" data-element_type=\"column\" data-e-type=\"column\">\n\t\t\t<div class=\"elementor-widget-wrap\">\n\t\t\t\t\t\t\t<\/div>\n\t\t<\/div>\n\t\t\t\t<div class=\"elementor-column elementor-col-33 elementor-inner-column elementor-element elementor-element-71148b4\" data-id=\"71148b4\" data-element_type=\"column\" data-e-type=\"column\">\n\t\t\t<div class=\"elementor-widget-wrap elementor-element-populated\">\n\t\t\t\t\t\t<div class=\"elementor-element elementor-element-382de49 elementor-widget elementor-widget-text-editor\" data-id=\"382de49\" data-element_type=\"widget\" data-e-type=\"widget\" data-widget_type=\"text-editor.default\">\n\t\t\t\t<div class=\"elementor-widget-container\">\n\t\t\t\t\t\t\t\t\t<p>Trial classes are available for any child who has not previously attended Tap &amp; Clap. The cost of the trial class is \u20ac19.<\/p>\t\t\t\t\t\t\t\t<\/div>\n\t\t\t\t<\/div>\n\t\t\t\t\t<\/div>\n\t\t<\/div>\n\t\t\t\t<div class=\"elementor-column elementor-col-33 elementor-inner-column elementor-element elementor-element-ff9fbe9\" data-id=\"ff9fbe9\" data-element_type=\"column\" data-e-type=\"column\">\n\t\t\t<div class=\"elementor-widget-wrap\">\n\t\t\t\t\t\t\t<\/div>\n\t\t<\/div>\n\t\t\t\t\t<\/div>\n\t\t<\/section>\n\t\t\t\t<section class=\"elementor-section elementor-inner-section elementor-element elementor-element-da9668d elementor-section-boxed elementor-section-height-default elementor-section-height-default elementor-invisible\" data-id=\"da9668d\" data-element_type=\"section\" data-e-type=\"section\" data-settings=\"{&quot;animation&quot;:&quot;fadeInUp&quot;}\">\n\t\t\t\t\t\t<div class=\"elementor-container elementor-column-gap-default\">\n\t\t\t\t\t<div class=\"elementor-column elementor-col-33 elementor-inner-column elementor-element elementor-element-67972a3\" data-id=\"67972a3\" data-element_type=\"column\" data-e-type=\"column\">\n\t\t\t<div class=\"elementor-widget-wrap\">\n\t\t\t\t\t\t\t<\/div>\n\t\t<\/div>\n\t\t\t\t<div class=\"elementor-column elementor-col-33 elementor-inner-column elementor-element elementor-element-a1ce6c3\" data-id=\"a1ce6c3\" data-element_type=\"column\" data-e-type=\"column\">\n\t\t\t<div class=\"elementor-widget-wrap elementor-element-populated\">\n\t\t\t\t\t\t<div class=\"elementor-element elementor-element-c30c260 elementor-button-align-center elementor-widget elementor-widget-form\" data-id=\"c30c260\" data-element_type=\"widget\" data-e-type=\"widget\" data-settings=\"{&quot;step_next_label&quot;:&quot;Next&quot;,&quot;step_previous_label&quot;:&quot;Previous&quot;,&quot;button_width&quot;:&quot;100&quot;,&quot;step_type&quot;:&quot;number_text&quot;,&quot;step_icon_shape&quot;:&quot;circle&quot;}\" data-widget_type=\"form.default\">\n\t\t\t\t<div class=\"elementor-widget-container\">\n\t\t\t\t\t\t\t<form class=\"elementor-form\" method=\"post\" id=\"FreeTrial\" name=\"Free Trials - FR\" aria-label=\"Free Trials - FR\">\n\t\t\t<input type=\"hidden\" name=\"post_id\" value=\"1969\"\/>\n\t\t\t<input type=\"hidden\" name=\"form_id\" value=\"c30c260\"\/>\n\t\t\t<input type=\"hidden\" name=\"referer_title\" value=\"\" \/>\n\n\t\t\t\n\t\t\t<div class=\"elementor-form-fields-wrapper elementor-labels-\">\n\t\t\t\t\t\t\t\t<div class=\"elementor-field-type-text elementor-field-group elementor-column elementor-field-group-name elementor-col-50 elementor-field-required\">\n\t\t\t\t\t\t\t\t\t\t\t\t<label for=\"form-field-name\" class=\"elementor-field-label elementor-screen-only\">\n\t\t\t\t\t\t\t\tParent's First Name\t\t\t\t\t\t\t<\/label>\n\t\t\t\t\t\t\t\t\t\t\t\t\t\t<input size=\"1\" type=\"text\" name=\"form_fields[name]\" id=\"form-field-name\" class=\"elementor-field elementor-size-md  elementor-field-textual\" placeholder=\"Parent&#039;s First Name\" required=\"required\">\n\t\t\t\t\t\t\t\t\t\t\t<\/div>\n\t\t\t\t\t\t\t\t<div class=\"elementor-field-type-text elementor-field-group elementor-column elementor-field-group-field_56673b2 elementor-col-50\">\n\t\t\t\t\t\t\t\t\t\t\t\t<label for=\"form-field-field_56673b2\" class=\"elementor-field-label elementor-screen-only\">\n\t\t\t\t\t\t\t\tParent's Last Name\t\t\t\t\t\t\t<\/label>\n\t\t\t\t\t\t\t\t\t\t\t\t\t\t<input size=\"1\" type=\"text\" name=\"form_fields[field_56673b2]\" id=\"form-field-field_56673b2\" class=\"elementor-field elementor-size-md  elementor-field-textual\" placeholder=\"Parent&#039;s Last Name\">\n\t\t\t\t\t\t\t\t\t\t\t<\/div>\n\t\t\t\t\t\t\t\t<div class=\"elementor-field-type-email elementor-field-group elementor-column elementor-field-group-email elementor-col-100 elementor-field-required\">\n\t\t\t\t\t\t\t\t\t\t\t\t<label for=\"form-field-email\" class=\"elementor-field-label elementor-screen-only\">\n\t\t\t\t\t\t\t\tEmail\t\t\t\t\t\t\t<\/label>\n\t\t\t\t\t\t\t\t\t\t\t\t\t\t<input size=\"1\" type=\"email\" name=\"form_fields[email]\" id=\"form-field-email\" class=\"elementor-field elementor-size-md  elementor-field-textual\" placeholder=\"Email\" required=\"required\">\n\t\t\t\t\t\t\t\t\t\t\t<\/div>\n\t\t\t\t\t\t\t\t<div class=\"elementor-field-type-tel elementor-field-group elementor-column elementor-field-group-message elementor-col-100\">\n\t\t\t\t\t\t\t\t\t\t\t\t<label for=\"form-field-message\" class=\"elementor-field-label elementor-screen-only\">\n\t\t\t\t\t\t\t\tPhone\t\t\t\t\t\t\t<\/label>\n\t\t\t\t\t\t\t\t<input size=\"1\" type=\"tel\" name=\"form_fields[message]\" id=\"form-field-message\" class=\"elementor-field elementor-size-md  elementor-field-textual\" placeholder=\"Phone\" pattern=\"[0-9()#&amp;+*-=.]+\" title=\"Seuls les caract\u00e8res de num\u00e9ros de t\u00e9l\u00e9phone (#, -, *, etc.) sont accept\u00e9s.\">\n\n\t\t\t\t\t\t<\/div>\n\t\t\t\t\t\t\t\t<div class=\"elementor-field-type-text elementor-field-group elementor-column elementor-field-group-field_94f6c4d elementor-col-50\">\n\t\t\t\t\t\t\t\t\t\t\t\t<label for=\"form-field-field_94f6c4d\" class=\"elementor-field-label elementor-screen-only\">\n\t\t\t\t\t\t\t\tChild's Name\t\t\t\t\t\t\t<\/label>\n\t\t\t\t\t\t\t\t\t\t\t\t\t\t<input size=\"1\" type=\"text\" name=\"form_fields[field_94f6c4d]\" id=\"form-field-field_94f6c4d\" class=\"elementor-field elementor-size-md  elementor-field-textual\" placeholder=\"Child&#039;s Name\">\n\t\t\t\t\t\t\t\t\t\t\t<\/div>\n\t\t\t\t\t\t\t\t<div class=\"elementor-field-type-date elementor-field-group elementor-column elementor-field-group-field_6f0929e elementor-col-50\">\n\t\t\t\t\t\t\t\t\t\t\t\t<label for=\"form-field-field_6f0929e\" class=\"elementor-field-label elementor-screen-only\">\n\t\t\t\t\t\t\t\t1st Date of Birth\t\t\t\t\t\t\t<\/label>\n\t\t\t\t\t\t\n\t\t<input type=\"date\" name=\"form_fields[field_6f0929e]\" id=\"form-field-field_6f0929e\" class=\"elementor-field elementor-size-md  elementor-field-textual elementor-date-field\" placeholder=\"Date of Birth\" pattern=\"[0-9]{4}-[0-9]{2}-[0-9]{2}\">\n\t\t\t\t\t\t<\/div>\n\t\t\t\t\t\t\t\t<div class=\"elementor-field-type-text elementor-field-group elementor-column elementor-field-group-field_473db0d elementor-col-50\">\n\t\t\t\t\t\t\t\t\t\t\t\t<label for=\"form-field-field_473db0d\" class=\"elementor-field-label elementor-screen-only\">\n\t\t\t\t\t\t\t\t2nd Child's Name\t\t\t\t\t\t\t<\/label>\n\t\t\t\t\t\t\t\t\t\t\t\t\t\t<input size=\"1\" type=\"text\" name=\"form_fields[field_473db0d]\" id=\"form-field-field_473db0d\" class=\"elementor-field elementor-size-md  elementor-field-textual\" placeholder=\"2nd Child&#039;s Name\">\n\t\t\t\t\t\t\t\t\t\t\t<\/div>\n\t\t\t\t\t\t\t\t<div class=\"elementor-field-type-date elementor-field-group elementor-column elementor-field-group-field_24aa8a2 elementor-col-50\">\n\t\t\t\t\t\t\t\t\t\t\t\t<label for=\"form-field-field_24aa8a2\" class=\"elementor-field-label elementor-screen-only\">\n\t\t\t\t\t\t\t\t2nd Date of Birth\t\t\t\t\t\t\t<\/label>\n\t\t\t\t\t\t\n\t\t<input type=\"date\" name=\"form_fields[field_24aa8a2]\" id=\"form-field-field_24aa8a2\" class=\"elementor-field elementor-size-md  elementor-field-textual elementor-date-field\" placeholder=\"Date of Birth\" pattern=\"[0-9]{4}-[0-9]{2}-[0-9]{2}\">\n\t\t\t\t\t\t<\/div>\n\t\t\t\t\t\t\t\t<div class=\"elementor-field-type-select elementor-field-group elementor-column elementor-field-group-field_61a11ca elementor-col-50\">\n\t\t\t\t\t\t\t\t\t\t\t\t<label for=\"form-field-field_61a11ca\" class=\"elementor-field-label elementor-screen-only\">\n\t\t\t\t\t\t\t\t1st Preference\t\t\t\t\t\t\t<\/label>\n\t\t\t\t\t\t\t\t<div class=\"elementor-field elementor-select-wrapper remove-before \">\n\t\t\t<div class=\"select-caret-down-wrapper\">\n\t\t\t\t<i aria-hidden=\"true\" class=\"eicon-caret-down\"><\/i>\t\t\t<\/div>\n\t\t\t<select name=\"form_fields[field_61a11ca]\" id=\"form-field-field_61a11ca\" class=\"elementor-field-textual elementor-size-md\">\n\t\t\t\t\t\t\t\t\t<option value=\"1st Preference\">1st Preference<\/option>\n\t\t\t\t\t\t\t\t\t<option value=\"Wednesday 2:30pm\">Wednesday 2:30pm<\/option>\n\t\t\t\t\t\t\t\t\t<option value=\"Wednesday 3:30pm\">Wednesday 3:30pm<\/option>\n\t\t\t\t\t\t\t\t\t<option value=\"Friday 9:30am\">Friday 9:30am<\/option>\n\t\t\t\t\t\t\t\t\t<option value=\"Friday 10:30am\">Friday 10:30am<\/option>\n\t\t\t\t\t\t\t\t\t<option value=\"Friday 4:30pm\">Friday 4:30pm<\/option>\n\t\t\t\t\t\t\t\t\t<option value=\"Friday 5:30pm\">Friday 5:30pm<\/option>\n\t\t\t\t\t\t\t\t\t<option value=\"Saturday 9am\">Saturday 9am<\/option>\n\t\t\t\t\t\t\t\t\t<option value=\"Saturday 10am\">Saturday 10am<\/option>\n\t\t\t\t\t\t\t\t\t<option value=\"Saturday 11am\">Saturday 11am<\/option>\n\t\t\t\t\t\t\t\t\t<option value=\"Saturday 12pm\">Saturday 12pm<\/option>\n\t\t\t\t\t\t\t\t\t<option value=\"Sunday 9am\">Sunday 9am<\/option>\n\t\t\t\t\t\t\t\t\t<option value=\"Sunday 10am\">Sunday 10am<\/option>\n\t\t\t\t\t\t\t\t\t<option value=\"Sunday 11am\">Sunday 11am<\/option>\n\t\t\t\t\t\t\t<\/select>\n\t\t<\/div>\n\t\t\t\t\t\t<\/div>\n\t\t\t\t\t\t\t\t<div class=\"elementor-field-type-select elementor-field-group elementor-column elementor-field-group-field_539dbe7 elementor-col-50\">\n\t\t\t\t\t\t\t\t\t\t\t\t<label for=\"form-field-field_539dbe7\" class=\"elementor-field-label elementor-screen-only\">\n\t\t\t\t\t\t\t\t2nd Preference\t\t\t\t\t\t\t<\/label>\n\t\t\t\t\t\t\t\t<div class=\"elementor-field elementor-select-wrapper remove-before \">\n\t\t\t<div class=\"select-caret-down-wrapper\">\n\t\t\t\t<i aria-hidden=\"true\" class=\"eicon-caret-down\"><\/i>\t\t\t<\/div>\n\t\t\t<select name=\"form_fields[field_539dbe7]\" id=\"form-field-field_539dbe7\" class=\"elementor-field-textual elementor-size-md\">\n\t\t\t\t\t\t\t\t\t<option value=\"2nd Preference\">2nd Preference<\/option>\n\t\t\t\t\t\t\t\t\t<option value=\"Wednesday 2:30pm\">Wednesday 2:30pm<\/option>\n\t\t\t\t\t\t\t\t\t<option value=\"Wednesday 3:30pm\">Wednesday 3:30pm<\/option>\n\t\t\t\t\t\t\t\t\t<option value=\"Friday 9:30am\">Friday 9:30am<\/option>\n\t\t\t\t\t\t\t\t\t<option value=\"Friday 10:30am\">Friday 10:30am<\/option>\n\t\t\t\t\t\t\t\t\t<option value=\"Friday 4:30pm\">Friday 4:30pm<\/option>\n\t\t\t\t\t\t\t\t\t<option value=\"Friday 5:30pm\">Friday 5:30pm<\/option>\n\t\t\t\t\t\t\t\t\t<option value=\"Saturday 9am\">Saturday 9am<\/option>\n\t\t\t\t\t\t\t\t\t<option value=\"Saturday 10am\">Saturday 10am<\/option>\n\t\t\t\t\t\t\t\t\t<option value=\"Saturday 11am\">Saturday 11am<\/option>\n\t\t\t\t\t\t\t\t\t<option value=\"Saturday 12pm\">Saturday 12pm<\/option>\n\t\t\t\t\t\t\t\t\t<option value=\"Sunday 9am\">Sunday 9am<\/option>\n\t\t\t\t\t\t\t\t\t<option value=\"Sunday 10am\">Sunday 10am<\/option>\n\t\t\t\t\t\t\t\t\t<option value=\"Sunday 11am\">Sunday 11am<\/option>\n\t\t\t\t\t\t\t<\/select>\n\t\t<\/div>\n\t\t\t\t\t\t<\/div>\n\t\t\t\t\t\t\t\t<div class=\"elementor-field-type-select elementor-field-group elementor-column elementor-field-group-field_ffce593 elementor-col-50\">\n\t\t\t\t\t\t\t\t\t\t\t\t<label for=\"form-field-field_ffce593\" class=\"elementor-field-label elementor-screen-only\">\n\t\t\t\t\t\t\t\tReferral\t\t\t\t\t\t\t<\/label>\n\t\t\t\t\t\t\t\t<div class=\"elementor-field elementor-select-wrapper remove-before \">\n\t\t\t<div class=\"select-caret-down-wrapper\">\n\t\t\t\t<i aria-hidden=\"true\" class=\"eicon-caret-down\"><\/i>\t\t\t<\/div>\n\t\t\t<select name=\"form_fields[field_ffce593]\" id=\"form-field-field_ffce593\" class=\"elementor-field-textual elementor-size-md\">\n\t\t\t\t\t\t\t\t\t<option value=\"referral\">How did you hear about us?<\/option>\n\t\t\t\t\t\t\t\t\t<option value=\"friend\">From a friend<\/option>\n\t\t\t\t\t\t\t\t\t<option value=\"Google\">Google<\/option>\n\t\t\t\t\t\t\t\t\t<option value=\"Facebook\">Facebook<\/option>\n\t\t\t\t\t\t\t\t\t<option value=\"The Bulletin\">The Bulletin<\/option>\n\t\t\t\t\t\t\t\t\t<option value=\"BCT\">BCT<\/option>\n\t\t\t\t\t\t\t\t\t<option value=\"AngloInfo\">AngloInfo<\/option>\n\t\t\t\t\t\t\t\t\t<option value=\"Other\">Other<\/option>\n\t\t\t\t\t\t\t<\/select>\n\t\t<\/div>\n\t\t\t\t\t\t<\/div>\n\t\t\t\t\t\t\t\t<div class=\"elementor-field-type-textarea elementor-field-group elementor-column elementor-field-group-field_7c68785 elementor-col-50\">\n\t\t\t\t\t\t\t\t\t\t\t\t<label for=\"form-field-field_7c68785\" class=\"elementor-field-label elementor-screen-only\">\n\t\t\t\t\t\t\t\tAdditional comments\t\t\t\t\t\t\t<\/label>\n\t\t\t\t\t\t<textarea class=\"elementor-field-textual elementor-field  elementor-size-md\" name=\"form_fields[field_7c68785]\" id=\"form-field-field_7c68785\" rows=\"4\" placeholder=\"Additional comments or important information. \"><\/textarea>\t\t\t\t<\/div>\n\t\t\t\t\t\t\t\t<div class=\"elementor-field-group elementor-column elementor-field-type-submit elementor-col-100 e-form__buttons\">\n\t\t\t\t\t<button class=\"elementor-button elementor-size-md\" type=\"submit\">\n\t\t\t\t\t\t<span class=\"elementor-button-content-wrapper\">\n\t\t\t\t\t\t\t\t\t\t\t\t\t\t\t\t\t\t\t\t\t\t<span class=\"elementor-button-text\">Request Trial Class<\/span>\n\t\t\t\t\t\t\t\t\t\t\t\t\t<\/span>\n\t\t\t\t\t<\/button>\n\t\t\t\t<\/div>\n\t\t\t<\/div>\n\t\t<\/form>\n\t\t\t\t\t\t<\/div>\n\t\t\t\t<\/div>\n\t\t\t\t\t<\/div>\n\t\t<\/div>\n\t\t\t\t<div class=\"elementor-column elementor-col-33 elementor-inner-column elementor-element elementor-element-4e59545\" data-id=\"4e59545\" data-element_type=\"column\" data-e-type=\"column\">\n\t\t\t<div class=\"elementor-widget-wrap\">\n\t\t\t\t\t\t\t<\/div>\n\t\t<\/div>\n\t\t\t\t\t<\/div>\n\t\t<\/section>\n\t\t\t\t\t<\/div>\n\t\t<\/div>\n\t\t\t\t\t<\/div>\n\t\t<\/section>\n\t\t\t\t<\/div>\n\t\t","protected":false},"excerpt":{"rendered":"<p>Trial Classes Trial classes are available for any child who has not previously attended Tap &amp; Clap. The cost of the trial class is \u20ac19.<\/p>","protected":false},"author":11,"featured_media":0,"parent":0,"menu_order":0,"comment_status":"closed","ping_status":"open","template":"","meta":{"_monsterinsights_skip_tracking":false,"_monsterinsights_sitenote_active":false,"_monsterinsights_sitenote_note":"","_monsterinsights_sitenote_category":0,"footnotes":""},"class_list":["post-1969","page","type-page","status-publish"],"_links":{"self":[{"href":"https:\/\/tap-clap.com\/fr\/wp-json\/wp\/v2\/pages\/1969","targetHints":{"allow":["GET"]}}],"collection":[{"href":"https:\/\/tap-clap.com\/fr\/wp-json\/wp\/v2\/pages"}],"about":[{"href":"https:\/\/tap-clap.com\/fr\/wp-json\/wp\/v2\/types\/page"}],"author":[{"embeddable":true,"href":"https:\/\/tap-clap.com\/fr\/wp-json\/wp\/v2\/users\/11"}],"replies":[{"embeddable":true,"href":"https:\/\/tap-clap.com\/fr\/wp-json\/wp\/v2\/comments?post=1969"}],"version-history":[{"count":65,"href":"https:\/\/tap-clap.com\/fr\/wp-json\/wp\/v2\/pages\/1969\/revisions"}],"predecessor-version":[{"id":22248,"href":"https:\/\/tap-clap.com\/fr\/wp-json\/wp\/v2\/pages\/1969\/revisions\/22248"}],"wp:attachment":[{"href":"https:\/\/tap-clap.com\/fr\/wp-json\/wp\/v2\/media?parent=1969"}],"curies":[{"name":"wp","href":"https:\/\/api.w.org\/{rel}","templated":true}]}}