{"id":1028,"date":"2021-11-11T12:35:17","date_gmt":"2021-11-11T12:35:17","guid":{"rendered":"http:\/\/tap-clap.com\/?page_id=1028"},"modified":"2026-03-10T12:44:41","modified_gmt":"2026-03-10T11:44:41","slug":"course-registration","status":"publish","type":"page","link":"https:\/\/tap-clap.com\/fr\/course-registration\/","title":{"rendered":"Course Registration"},"content":{"rendered":"<div data-elementor-type=\"wp-page\" data-elementor-id=\"1028\" class=\"elementor elementor-1028\" data-elementor-post-type=\"page\">\n\t\t\t\t\t\t<section class=\"elementor-section elementor-top-section elementor-element elementor-element-3453f27a elementor-section-full_width elementor-section-height-default elementor-section-height-default\" data-id=\"3453f27a\" data-element_type=\"section\" data-e-type=\"section\" data-settings=\"{&quot;background_background&quot;:&quot;classic&quot;}\">\n\t\t\t\t\t\t\t<div class=\"elementor-background-overlay\"><\/div>\n\t\t\t\t\t\t\t<div class=\"elementor-container elementor-column-gap-default\">\n\t\t\t\t\t<div class=\"elementor-column elementor-col-50 elementor-top-column elementor-element elementor-element-e350e9c\" data-id=\"e350e9c\" data-element_type=\"column\" data-e-type=\"column\">\n\t\t\t<div class=\"elementor-widget-wrap elementor-element-populated\">\n\t\t\t\t\t\t<div class=\"elementor-element elementor-element-469c58e7 elementor-widget elementor-widget-heading\" data-id=\"469c58e7\" data-element_type=\"widget\" data-e-type=\"widget\" data-widget_type=\"heading.default\">\n\t\t\t\t<div class=\"elementor-widget-container\">\n\t\t\t\t\t<h1 class=\"elementor-heading-title elementor-size-default\">Inscription<\/h1>\t\t\t\t<\/div>\n\t\t\t\t<\/div>\n\t\t\t\t<div class=\"elementor-element elementor-element-574a26bf elementor-widget__width-initial elementor-absolute elementor-widget elementor-widget-image\" data-id=\"574a26bf\" data-element_type=\"widget\" data-e-type=\"widget\" data-settings=\"{&quot;_position&quot;:&quot;absolute&quot;}\" data-widget_type=\"image.default\">\n\t\t\t\t<div class=\"elementor-widget-container\">\n\t\t\t\t\t\t\t\t\t\t\t\t\t\t\t<img decoding=\"async\" width=\"158\" height=\"79\" src=\"https:\/\/tap-clap.com\/wp-content\/uploads\/2021\/10\/home-2-overly3.png\" class=\"attachment-large size-large wp-image-268\" alt=\"\" \/>\t\t\t\t\t\t\t\t\t\t\t\t\t\t\t<\/div>\n\t\t\t\t<\/div>\n\t\t\t\t\t<\/div>\n\t\t<\/div>\n\t\t\t\t<div class=\"elementor-column elementor-col-50 elementor-top-column elementor-element elementor-element-695fe3de elementor-hidden-tablet elementor-hidden-phone\" data-id=\"695fe3de\" data-element_type=\"column\" data-e-type=\"column\">\n\t\t\t<div class=\"elementor-widget-wrap elementor-element-populated\">\n\t\t\t\t\t\t<div class=\"elementor-element elementor-element-56530002 elementor-widget__width-initial elementor-absolute elementor-widget elementor-widget-image\" data-id=\"56530002\" data-element_type=\"widget\" data-e-type=\"widget\" data-settings=\"{&quot;_position&quot;:&quot;absolute&quot;}\" data-widget_type=\"image.default\">\n\t\t\t\t<div class=\"elementor-widget-container\">\n\t\t\t\t\t\t\t\t\t\t\t\t\t\t\t<img decoding=\"async\" width=\"67\" height=\"144\" src=\"https:\/\/tap-clap.com\/wp-content\/uploads\/2021\/10\/bg-shape2.png\" class=\"attachment-large size-large wp-image-269\" alt=\"\" \/>\t\t\t\t\t\t\t\t\t\t\t\t\t\t\t<\/div>\n\t\t\t\t<\/div>\n\t\t\t\t\t<\/div>\n\t\t<\/div>\n\t\t\t\t\t<\/div>\n\t\t<\/section>\n\t\t\t\t<section class=\"elementor-section elementor-top-section elementor-element elementor-element-6a13ee1 animated-fast elementor-section-boxed elementor-section-height-default elementor-section-height-default\" data-id=\"6a13ee1\" data-element_type=\"section\" data-e-type=\"section\" data-settings=\"{&quot;background_background&quot;:&quot;classic&quot;,&quot;animation&quot;:&quot;none&quot;}\">\n\t\t\t\t\t\t<div class=\"elementor-container elementor-column-gap-default\">\n\t\t\t\t\t<div class=\"elementor-column elementor-col-100 elementor-top-column elementor-element elementor-element-55da6d5f\" data-id=\"55da6d5f\" data-element_type=\"column\" data-e-type=\"column\">\n\t\t\t<div class=\"elementor-widget-wrap elementor-element-populated\">\n\t\t\t\t\t\t<div class=\"elementor-element elementor-element-63884ce0 elementor-widget elementor-widget-heading\" data-id=\"63884ce0\" data-element_type=\"widget\" data-e-type=\"widget\" data-widget_type=\"heading.default\">\n\t\t\t\t<div class=\"elementor-widget-container\">\n\t\t\t\t\t<h2 class=\"elementor-heading-title elementor-size-default\">Le trimestre de printemps 2026 arrive bient\u00f4t!<\/h2>\t\t\t\t<\/div>\n\t\t\t\t<\/div>\n\t\t\t\t<section class=\"elementor-section elementor-inner-section elementor-element elementor-element-122b8fc elementor-section-boxed elementor-section-height-default elementor-section-height-default\" data-id=\"122b8fc\" data-element_type=\"section\" data-e-type=\"section\">\n\t\t\t\t\t\t<div class=\"elementor-container elementor-column-gap-default\">\n\t\t\t\t\t<div class=\"elementor-column elementor-col-100 elementor-inner-column elementor-element elementor-element-943e323\" data-id=\"943e323\" data-element_type=\"column\" data-e-type=\"column\">\n\t\t\t<div class=\"elementor-widget-wrap elementor-element-populated\">\n\t\t\t\t\t\t<div class=\"elementor-element elementor-element-1c02714 elementor-widget elementor-widget-text-editor\" data-id=\"1c02714\" data-element_type=\"widget\" data-e-type=\"widget\" data-widget_type=\"text-editor.default\">\n\t\t\t\t<div class=\"elementor-widget-container\">\n\t\t\t\t\t\t\t\t\t<p>Le trimestre de printemps 2026 comprendra&nbsp;<b style=\"color: var(--contrast); background-color: var(--base-3);\">11 s\u00e9ances<\/b><span style=\"color: var(--contrast); background-color: var(--base-3);\">, du&nbsp;<b>8 avril<\/b><\/span><span style=\"color: var(--contrast); background-color: var(--base-3);\">&nbsp;jusqu'\u00e0&nbsp;<b>5 juillet<\/b><span style=\"color: var(--contrast); background-color: var(--base-3);\">.&nbsp;<\/span><\/span>Il n'y aura pas de cours pendant les week-ends du 1er mai (29 avril \u2013 3 mai) et de l'Ascension (13 \u2013 17 mai).<\/p>\n<p><span style=\"color: var(--contrast); background-color: var(--base-3);\">S\u00e9lectionnez le cours auquel vous souhaitez vous inscrire et suivez les instructions. Si vous <\/span><b style=\"color: var(--contrast); background-color: var(--base-3);\">inscrivez 2 enfants ou plus<\/b><span style=\"color: var(--contrast); background-color: var(--base-3);\">, inscrivez chaque enfant s\u00e9par\u00e9ment \u2014 tant que vous utilisez le m\u00eame e-mail, vous verrez <b>une remise de 30%<\/b> appliqu\u00e9e sur les inscriptions suppl\u00e9mentaires. Il n'y a <b>pas de frais pour les b\u00e9b\u00e9s<\/b> jusqu'\u00e0 7 mois au d\u00e9but du trimestre (n\u00e9s en septembre 2025 ou apr\u00e8s) qui accompagnent un enfant plus \u00e2g\u00e9.<\/span><\/p>\n<p><b style=\"background-color: var(--base-3); color: var(--contrast);\">Le paiement <\/b><span style=\"background-color: var(--base-3); color: var(--contrast);\">peut \u00eatre effectu\u00e9 en ligne ou par virement bancaire, mais <\/span><b style=\"background-color: var(--base-3); color: var(--contrast);\">doit \u00eatre effectu\u00e9 dans les 5 jours end\u00e9ans<\/b><span style=\"background-color: var(--base-3); color: var(--contrast);\"> afin de garantir votre place. Si vous avez des questions, n'hesitez pas \u00e0 me contacter en utilisant les liens au bas de la page.<\/span><\/p>\t\t\t\t\t\t\t\t<\/div>\n\t\t\t\t<\/div>\n\t\t\t\t\t<\/div>\n\t\t<\/div>\n\t\t\t\t\t<\/div>\n\t\t<\/section>\n\t\t\t\t<section class=\"elementor-section elementor-inner-section elementor-element elementor-element-5b664804 elementor-section-boxed elementor-section-height-default elementor-section-height-default elementor-invisible\" data-id=\"5b664804\" data-element_type=\"section\" data-e-type=\"section\" data-settings=\"{&quot;animation&quot;:&quot;fadeInUp&quot;}\">\n\t\t\t\t\t\t<div class=\"elementor-container elementor-column-gap-default\">\n\t\t\t\t\t<div class=\"elementor-column elementor-col-100 elementor-inner-column elementor-element elementor-element-38af8faf\" data-id=\"38af8faf\" data-element_type=\"column\" data-e-type=\"column\">\n\t\t\t<div class=\"elementor-widget-wrap elementor-element-populated\">\n\t\t\t\t\t\t<div class=\"elementor-element elementor-element-989566a elementor-widget elementor-widget-html\" data-id=\"989566a\" data-element_type=\"widget\" data-e-type=\"widget\" data-widget_type=\"html.default\">\n\t\t\t\t<div class=\"elementor-widget-container\">\n\t\t\t\t\t<script>\/*version:4.0*\/window.addEventListener('message',function(e){var id=\"CS_portal_6418c314df7624247ed39d34\";var d=e.data;if(!d.corsizio)return;if(d.iframeId&&d.iframeId!==id)return;var f=document.getElementById(id);if(!f)return;if(!d.iframeId){f.contentWindow.postMessage({iframeId:id},'*');return;}d.height>=0&&(f.height=d.height+'px');d.scrollTo>=0&&window.scrollTo(0,d.scrollTo);d.scrollIntoView&&f.scrollIntoView();});<\/script>\r\n<iframe id=\"CS_portal_6418c314df7624247ed39d34\" src=\"https:\/\/tap-clap.corsizio.com?embed=noheader\" loading=\"lazy\" width=\"100%\" height=\"900px\" frameborder=\"0\"><\/iframe>\t\t\t\t<\/div>\n\t\t\t\t<\/div>\n\t\t\t\t\t<\/div>\n\t\t<\/div>\n\t\t\t\t\t<\/div>\n\t\t<\/section>\n\t\t\t\t\t<\/div>\n\t\t<\/div>\n\t\t\t\t\t<\/div>\n\t\t<\/section>\n\t\t\t\t<\/div>","protected":false},"excerpt":{"rendered":"<p>Registration Spring Term 2026 Coming Soon! Spring Term 2026 will include&nbsp;11 sessions, starting&nbsp;April 8th&nbsp;and ending&nbsp;July 5th.&nbsp;There will be no classes during the weekends of May Day (Apr 29 &#8211; May 3) and Ascension Day (May 13 &#8211; 17). Select the class you\u2019d like to register and follow the prompts. If you\u2019re registering 2 or more &#8230; <a title=\"Course Registration\" class=\"read-more\" href=\"https:\/\/tap-clap.com\/fr\/course-registration\/\" aria-label=\"En savoir plus sur Course Registration\">Lire la suite<\/a><\/p>","protected":false},"author":11,"featured_media":0,"parent":0,"menu_order":0,"comment_status":"closed","ping_status":"open","template":"","meta":{"_monsterinsights_skip_tracking":false,"_monsterinsights_sitenote_active":false,"_monsterinsights_sitenote_note":"","_monsterinsights_sitenote_category":0,"footnotes":""},"class_list":["post-1028","page","type-page","status-publish"],"_links":{"self":[{"href":"https:\/\/tap-clap.com\/fr\/wp-json\/wp\/v2\/pages\/1028","targetHints":{"allow":["GET"]}}],"collection":[{"href":"https:\/\/tap-clap.com\/fr\/wp-json\/wp\/v2\/pages"}],"about":[{"href":"https:\/\/tap-clap.com\/fr\/wp-json\/wp\/v2\/types\/page"}],"author":[{"embeddable":true,"href":"https:\/\/tap-clap.com\/fr\/wp-json\/wp\/v2\/users\/11"}],"replies":[{"embeddable":true,"href":"https:\/\/tap-clap.com\/fr\/wp-json\/wp\/v2\/comments?post=1028"}],"version-history":[{"count":293,"href":"https:\/\/tap-clap.com\/fr\/wp-json\/wp\/v2\/pages\/1028\/revisions"}],"predecessor-version":[{"id":22255,"href":"https:\/\/tap-clap.com\/fr\/wp-json\/wp\/v2\/pages\/1028\/revisions\/22255"}],"wp:attachment":[{"href":"https:\/\/tap-clap.com\/fr\/wp-json\/wp\/v2\/media?parent=1028"}],"curies":[{"name":"wp","href":"https:\/\/api.w.org\/{rel}","templated":true}]}}